{"id":1497,"date":"2022-04-22T08:51:24","date_gmt":"2022-04-22T06:51:24","guid":{"rendered":"https:\/\/www.ascensorsbaro.com\/manteniment-dascensors\/"},"modified":"2025-08-04T10:40:12","modified_gmt":"2025-08-04T08:40:12","slug":"mantenimiento-de-ascensores","status":"publish","type":"page","link":"https:\/\/www.ascensorsbaro.com\/es\/servicios\/mantenimiento-de-ascensores\/","title":{"rendered":"Mantenimiento de ascensores"},"content":{"rendered":"\t\t<div data-elementor-type=\"wp-page\" data-elementor-id=\"1497\" class=\"elementor elementor-1497 elementor-543\" data-elementor-post-type=\"page\">\n\t\t\t\t\t\t<section class=\"elementor-section elementor-top-section elementor-element elementor-element-8150f98 elementor-section-height-min-height elementor-section-boxed elementor-section-height-default elementor-section-items-middle\" data-id=\"8150f98\" data-element_type=\"section\" data-e-type=\"section\" data-settings=\"{&quot;jet_parallax_layout_list&quot;:[],&quot;background_background&quot;:&quot;classic&quot;}\">\n\t\t\t\t\t\t\t<div class=\"elementor-background-overlay\"><\/div>\n\t\t\t\t\t\t\t<div class=\"elementor-container elementor-column-gap-default\">\n\t\t\t\t\t<div class=\"elementor-column elementor-col-100 elementor-top-column elementor-element elementor-element-0401137\" data-id=\"0401137\" data-element_type=\"column\" data-e-type=\"column\">\n\t\t\t<div class=\"elementor-widget-wrap elementor-element-populated\">\n\t\t\t\t\t\t<div class=\"elementor-element elementor-element-0d2a5e0 elementor-widget elementor-widget-heading\" data-id=\"0d2a5e0\" data-element_type=\"widget\" data-e-type=\"widget\" data-widget_type=\"heading.default\">\n\t\t\t\t<div class=\"elementor-widget-container\">\n\t\t\t\t\t<h1 class=\"elementor-heading-title elementor-size-default\">Mantenimiento de ascensores<\/h1>\t\t\t\t<\/div>\n\t\t\t\t<\/div>\n\t\t\t\t\t<\/div>\n\t\t<\/div>\n\t\t\t\t\t<\/div>\n\t\t<\/section>\n\t\t\t\t<section class=\"elementor-section elementor-top-section elementor-element elementor-element-ba25514 elementor-section-boxed elementor-section-height-default elementor-section-height-default\" data-id=\"ba25514\" data-element_type=\"section\" data-e-type=\"section\" data-settings=\"{&quot;jet_parallax_layout_list&quot;:[],&quot;background_background&quot;:&quot;classic&quot;}\">\n\t\t\t\t\t\t<div class=\"elementor-container elementor-column-gap-default\">\n\t\t\t\t\t<div class=\"elementor-column elementor-col-100 elementor-top-column elementor-element elementor-element-f6560dc\" data-id=\"f6560dc\" data-element_type=\"column\" data-e-type=\"column\">\n\t\t\t<div class=\"elementor-widget-wrap elementor-element-populated\">\n\t\t\t\t\t\t<div class=\"elementor-element elementor-element-5a851ff elementor-widget elementor-widget-template\" data-id=\"5a851ff\" data-element_type=\"widget\" data-e-type=\"widget\" data-widget_type=\"template.default\">\n\t\t\t\t<div class=\"elementor-widget-container\">\n\t\t\t\t\t\t\t<div class=\"elementor-template\">\n\t\t\t\t\t<div data-elementor-type=\"section\" data-elementor-id=\"1486\" class=\"elementor elementor-1486 elementor-479 elementor-479\" data-elementor-post-type=\"elementor_library\">\n\t\t\t\t\t<section class=\"elementor-section elementor-top-section elementor-element elementor-element-65bcf358 elementor-section-boxed elementor-section-height-default elementor-section-height-default\" data-id=\"65bcf358\" data-element_type=\"section\" data-e-type=\"section\" data-settings=\"{&quot;jet_parallax_layout_list&quot;:[],&quot;background_background&quot;:&quot;classic&quot;}\">\n\t\t\t\t\t\t<div class=\"elementor-container elementor-column-gap-default\">\n\t\t\t\t\t<div class=\"elementor-column elementor-col-100 elementor-top-column elementor-element elementor-element-2f57a037\" data-id=\"2f57a037\" data-element_type=\"column\" data-e-type=\"column\">\n\t\t\t<div class=\"elementor-widget-wrap elementor-element-populated\">\n\t\t\t\t\t\t<div class=\"elementor-element elementor-element-35a1cb69 elementor-widget elementor-widget-jet-breadcrumbs\" data-id=\"35a1cb69\" data-element_type=\"widget\" data-e-type=\"widget\" data-widget_type=\"jet-breadcrumbs.default\">\n\t\t\t\t<div class=\"elementor-widget-container\">\n\t\t\t\t\t<div class=\"elementor-jet-breadcrumbs jet-blocks\">\n\t\t<div class=\"jet-breadcrumbs\">\n\t\t<div class=\"jet-breadcrumbs__content\">\n\t\t<div class=\"jet-breadcrumbs__wrap\"><div class=\"jet-breadcrumbs__item\"><a href=\"https:\/\/www.ascensorsbaro.com\/es\/\" class=\"jet-breadcrumbs__item-link is-home\" rel=\"home\" title=\"Inicio\">Inicio<\/a><\/div>\n\t\t<\/div>\n\t\t<\/div>\n\t\t<\/div><\/div>\t\t\t\t<\/div>\n\t\t\t\t<\/div>\n\t\t\t\t\t<\/div>\n\t\t<\/div>\n\t\t\t\t\t<\/div>\n\t\t<\/section>\n\t\t\t\t<\/div>\n\t\t\t\t<\/div>\n\t\t\t\t\t\t<\/div>\n\t\t\t\t<\/div>\n\t\t\t\t\t<\/div>\n\t\t<\/div>\n\t\t\t\t\t<\/div>\n\t\t<\/section>\n\t\t\t\t<section class=\"elementor-section elementor-top-section elementor-element elementor-element-9656b30 bredaxocult elementor-section-boxed elementor-section-height-default elementor-section-height-default\" data-id=\"9656b30\" data-element_type=\"section\" data-e-type=\"section\" data-settings=\"{&quot;jet_parallax_layout_list&quot;:[]}\">\n\t\t\t\t\t\t<div class=\"elementor-container elementor-column-gap-wide\">\n\t\t\t\t\t<div class=\"elementor-column elementor-col-100 elementor-top-column elementor-element elementor-element-84ca9b9\" data-id=\"84ca9b9\" data-element_type=\"column\" data-e-type=\"column\">\n\t\t\t<div class=\"elementor-widget-wrap elementor-element-populated\">\n\t\t\t\t\t\t<div class=\"elementor-element elementor-element-98fdda4 elementor-widget elementor-widget-html\" data-id=\"98fdda4\" data-element_type=\"widget\" data-e-type=\"widget\" data-widget_type=\"html.default\">\n\t\t\t\t<div class=\"elementor-widget-container\">\n\t\t\t\t\t<div class=\"bredax\"><\/div>\t\t\t\t<\/div>\n\t\t\t\t<\/div>\n\t\t\t\t\t<\/div>\n\t\t<\/div>\n\t\t\t\t\t<\/div>\n\t\t<\/section>\n\t\t\t\t<section class=\"elementor-section elementor-top-section elementor-element elementor-element-d1ff456 elementor-section-boxed elementor-section-height-default elementor-section-height-default\" data-id=\"d1ff456\" data-element_type=\"section\" data-e-type=\"section\" data-settings=\"{&quot;jet_parallax_layout_list&quot;:[]}\">\n\t\t\t\t\t\t<div class=\"elementor-container elementor-column-gap-wide\">\n\t\t\t\t\t<div class=\"elementor-column elementor-col-50 elementor-top-column elementor-element elementor-element-4b83892\" data-id=\"4b83892\" data-element_type=\"column\" data-e-type=\"column\">\n\t\t\t<div class=\"elementor-widget-wrap elementor-element-populated\">\n\t\t\t\t\t\t<div class=\"elementor-element elementor-element-31e9b13 elementor-widget elementor-widget-text-editor\" data-id=\"31e9b13\" data-element_type=\"widget\" data-e-type=\"widget\" data-widget_type=\"text-editor.default\">\n\t\t\t\t<div class=\"elementor-widget-container\">\n\t\t\t\t\t\t\t\t\t<h2>Mantenimiento de ascensores<\/h2><p>Los ascensores, como todos los aparatos mec\u00e1nicos, sufren un desgaste por su uso habitual. El paso del tiempo puede provocar que ciertos elementos del ascensor que est\u00e1n en buenas condiciones, se aver\u00eden por culpa de un elemento o pieza desgastada.<\/p><p>El mantenimiento peri\u00f3dico es obligatorio para cualquier ascensor y as\u00ed lo determina la ley.<\/p><p>Con el mantenimiento peri\u00f3dico se localizan las piezas da\u00f1adas o desgastadas, evitando un impacto negativo en las dem\u00e1s que, a priori, funcionan correctamente.<\/p><p>Adem\u00e1s de tener bajo control el estado del ascensor, el mantenimiento le da otras ventajas a tener en cuenta.<\/p><p>\u00a0<\/p>\t\t\t\t\t\t\t\t<\/div>\n\t\t\t\t<\/div>\n\t\t\t\t\t<\/div>\n\t\t<\/div>\n\t\t\t\t<div class=\"elementor-column elementor-col-50 elementor-top-column elementor-element elementor-element-7c9ee97\" data-id=\"7c9ee97\" data-element_type=\"column\" data-e-type=\"column\">\n\t\t\t<div class=\"elementor-widget-wrap elementor-element-populated\">\n\t\t\t\t\t\t<div class=\"elementor-element elementor-element-bfcfe22 elementor-widget elementor-widget-image\" data-id=\"bfcfe22\" data-element_type=\"widget\" data-e-type=\"widget\" data-widget_type=\"image.default\">\n\t\t\t\t<div class=\"elementor-widget-container\">\n\t\t\t\t\t\t\t\t\t\t\t\t\t\t\t<img fetchpriority=\"high\" decoding=\"async\" width=\"800\" height=\"518\" src=\"https:\/\/www.ascensorsbaro.com\/wp-content\/uploads\/2022\/04\/manteniment-ascensor-07-1024x663.jpeg\" class=\"attachment-large size-large wp-image-549\" alt=\"\" srcset=\"https:\/\/www.ascensorsbaro.com\/wp-content\/uploads\/2022\/04\/manteniment-ascensor-07-1024x663.jpeg 1024w, https:\/\/www.ascensorsbaro.com\/wp-content\/uploads\/2022\/04\/manteniment-ascensor-07-300x194.jpeg 300w, https:\/\/www.ascensorsbaro.com\/wp-content\/uploads\/2022\/04\/manteniment-ascensor-07-768x497.jpeg 768w, https:\/\/www.ascensorsbaro.com\/wp-content\/uploads\/2022\/04\/manteniment-ascensor-07.jpeg 1500w\" sizes=\"(max-width: 800px) 100vw, 800px\" \/>\t\t\t\t\t\t\t\t\t\t\t\t\t\t\t<\/div>\n\t\t\t\t<\/div>\n\t\t\t\t\t<\/div>\n\t\t<\/div>\n\t\t\t\t\t<\/div>\n\t\t<\/section>\n\t\t\t\t<section class=\"elementor-section elementor-top-section elementor-element elementor-element-5aa7a86 elementor-section-content-middle elementor-section-full_width elementor-section-height-default elementor-section-height-default\" data-id=\"5aa7a86\" data-element_type=\"section\" data-e-type=\"section\" data-settings=\"{&quot;jet_parallax_layout_list&quot;:[],&quot;background_background&quot;:&quot;gradient&quot;}\">\n\t\t\t\t\t\t<div class=\"elementor-container elementor-column-gap-wide\">\n\t\t\t\t\t<div class=\"elementor-column elementor-col-100 elementor-top-column elementor-element elementor-element-78526aa\" data-id=\"78526aa\" data-element_type=\"column\" data-e-type=\"column\">\n\t\t\t<div class=\"elementor-widget-wrap elementor-element-populated\">\n\t\t\t\t\t\t<div class=\"elementor-element elementor-element-4ecd266 elementor-widget elementor-widget-template\" data-id=\"4ecd266\" data-element_type=\"widget\" data-e-type=\"widget\" data-widget_type=\"template.default\">\n\t\t\t\t<div class=\"elementor-widget-container\">\n\t\t\t\t\t\t\t<div class=\"elementor-template\">\n\t\t\t\t\t<div data-elementor-type=\"page\" data-elementor-id=\"1484\" class=\"elementor elementor-1484 elementor-1000 elementor-1000\" data-elementor-post-type=\"elementor_library\">\n\t\t\t\t\t\t<section class=\"elementor-section elementor-top-section elementor-element elementor-element-a9134f0 elementor-section-content-middle elementor-section-boxed elementor-section-height-default elementor-section-height-default\" data-id=\"a9134f0\" data-element_type=\"section\" data-e-type=\"section\" data-settings=\"{&quot;jet_parallax_layout_list&quot;:[],&quot;background_background&quot;:&quot;gradient&quot;}\">\n\t\t\t\t\t\t<div class=\"elementor-container elementor-column-gap-wide\">\n\t\t\t\t\t<div class=\"elementor-column elementor-col-50 elementor-top-column elementor-element elementor-element-43cf549\" data-id=\"43cf549\" data-element_type=\"column\" data-e-type=\"column\">\n\t\t\t<div class=\"elementor-widget-wrap elementor-element-populated\">\n\t\t\t\t\t\t<div class=\"elementor-element elementor-element-fb489ab elementor-widget elementor-widget-heading\" data-id=\"fb489ab\" data-element_type=\"widget\" data-e-type=\"widget\" data-widget_type=\"heading.default\">\n\t\t\t\t<div class=\"elementor-widget-container\">\n\t\t\t\t\t<h2 class=\"elementor-heading-title elementor-size-default\">\u00bfNecesitas un presupuesto?<\/h2>\t\t\t\t<\/div>\n\t\t\t\t<\/div>\n\t\t\t\t<div class=\"elementor-element elementor-element-6c592aa m0 elementor-widget elementor-widget-text-editor\" data-id=\"6c592aa\" data-element_type=\"widget\" data-e-type=\"widget\" data-widget_type=\"text-editor.default\">\n\t\t\t\t<div class=\"elementor-widget-container\">\n\t\t\t\t\t\t\t\t\t<p>Si est\u00e1 valorando nuevas empresas para poder llevar a cabo el mantenimiento de los ascensores, no dude en contactarnos para poder realizar un presupuesto sin compromiso.<\/p>\t\t\t\t\t\t\t\t<\/div>\n\t\t\t\t<\/div>\n\t\t\t\t\t<\/div>\n\t\t<\/div>\n\t\t\t\t<div class=\"elementor-column elementor-col-50 elementor-top-column elementor-element elementor-element-55e0d56\" data-id=\"55e0d56\" data-element_type=\"column\" data-e-type=\"column\">\n\t\t\t<div class=\"elementor-widget-wrap elementor-element-populated\">\n\t\t\t\t\t\t<div class=\"elementor-element elementor-element-010a51a elementor-widget elementor-widget-jet-button\" data-id=\"010a51a\" data-element_type=\"widget\" data-e-type=\"widget\" data-widget_type=\"jet-button.default\">\n\t\t\t\t<div class=\"elementor-widget-container\">\n\t\t\t\t\t<div class=\"elementor-jet-button jet-elements\"><div class=\"jet-button__container\">\n\t<a class=\"jet-button__instance jet-button__instance--icon-left hover-effect-6\" href=\"https:\/\/www.ascensorsbaro.com\/es\/contacto\/\">\n\t\t<div class=\"jet-button__plane jet-button__plane-normal\"><\/div>\n\t\t<div class=\"jet-button__plane jet-button__plane-hover\"><\/div>\n\t\t<div class=\"jet-button__state jet-button__state-normal\">\n\t\t\t<span class=\"jet-button__icon jet-elements-icon\"><i aria-hidden=\"true\" class=\"far fa-envelope\"><\/i><\/span><span class=\"jet-button__label\">Cont\u00e1ctanos<\/span>\t\t<\/div>\n\t\t<div class=\"jet-button__state jet-button__state-hover\">\n\t\t\t<span class=\"jet-button__icon jet-elements-icon\"><i aria-hidden=\"true\" class=\"fas fa-pencil-alt\"><\/i><\/span><span class=\"jet-button__label\">Contacta'ns<\/span>\t\t<\/div>\n\t<\/a>\n<\/div>\n<\/div>\t\t\t\t<\/div>\n\t\t\t\t<\/div>\n\t\t\t\t\t<\/div>\n\t\t<\/div>\n\t\t\t\t\t<\/div>\n\t\t<\/section>\n\t\t\t\t<\/div>\n\t\t\t\t<\/div>\n\t\t\t\t\t\t<\/div>\n\t\t\t\t<\/div>\n\t\t\t\t\t<\/div>\n\t\t<\/div>\n\t\t\t\t\t<\/div>\n\t\t<\/section>\n\t\t\t\t<section class=\"elementor-section elementor-top-section elementor-element elementor-element-fc44866 elementor-section-boxed elementor-section-height-default elementor-section-height-default\" data-id=\"fc44866\" data-element_type=\"section\" data-e-type=\"section\" data-settings=\"{&quot;jet_parallax_layout_list&quot;:[]}\">\n\t\t\t\t\t\t<div class=\"elementor-container elementor-column-gap-wide\">\n\t\t\t\t\t<div class=\"elementor-column elementor-col-33 elementor-top-column elementor-element elementor-element-7b26576\" data-id=\"7b26576\" data-element_type=\"column\" data-e-type=\"column\">\n\t\t\t<div class=\"elementor-widget-wrap elementor-element-populated\">\n\t\t\t\t\t\t<div class=\"elementor-element elementor-element-ba79361 elementor-widget elementor-widget-text-editor\" data-id=\"ba79361\" data-element_type=\"widget\" data-e-type=\"widget\" data-widget_type=\"text-editor.default\">\n\t\t\t\t<div class=\"elementor-widget-container\">\n\t\t\t\t\t\t\t\t\t<p>En <strong>Ascensores Bar\u00f3<\/strong> creemos que las cosas se pueden hacer de manera m\u00e1s sencilla, por eso ofrecemos dos \u00fanicos planes de mantenimiento de ascensores facilitando la tarea de escoger lo m\u00e1s indicado para cada cliente o comunidad de vecinos.<\/p>\t\t\t\t\t\t\t\t<\/div>\n\t\t\t\t<\/div>\n\t\t\t\t\t<\/div>\n\t\t<\/div>\n\t\t\t\t<div class=\"elementor-column elementor-col-33 elementor-top-column elementor-element elementor-element-0872789\" data-id=\"0872789\" data-element_type=\"column\" data-e-type=\"column\">\n\t\t\t<div class=\"elementor-widget-wrap elementor-element-populated\">\n\t\t\t\t\t\t<div class=\"elementor-element elementor-element-3091172 elementor-widget elementor-widget-jet-pricing-table\" data-id=\"3091172\" data-element_type=\"widget\" data-e-type=\"widget\" data-settings=\"{&quot;motion_fx_motion_fx_scrolling&quot;:&quot;yes&quot;,&quot;motion_fx_translateY_effect&quot;:&quot;yes&quot;,&quot;motion_fx_translateY_affectedRange&quot;:{&quot;unit&quot;:&quot;%&quot;,&quot;size&quot;:&quot;&quot;,&quot;sizes&quot;:{&quot;start&quot;:0,&quot;end&quot;:50}},&quot;motion_fx_devices&quot;:[&quot;desktop&quot;,&quot;tablet&quot;],&quot;motion_fx_translateY_speed&quot;:{&quot;unit&quot;:&quot;px&quot;,&quot;size&quot;:4,&quot;sizes&quot;:[]}}\" data-widget_type=\"jet-pricing-table.default\">\n\t\t\t\t<div class=\"elementor-widget-container\">\n\t\t\t\t\t<div class=\"elementor-jet-pricing-table jet-elements\"><div class=\"pricing-table \">\n\t<div class=\"pricing-table__heading\">\n\t\t<h2 class=\"pricing-table__title\">Normal<\/h2>\t<h4 class=\"pricing-table__subtitle\">El mantenimiento de ascensores con mejor precio.<\/h4><\/div>\t\t<div class=\"pricing-table__features\">\n<div class=\"pricing-table__fold-mask pricing-table-unfold-state\" ><div class=\"pricing-feature pricing-feature-f3e89d7 item-included\">\n\t<div class=\"pricing-feature__inner\"><span class=\"item-bullet jet-elements-icon\"><i aria-hidden=\"true\" class=\"fas fa-check\"><\/i><\/span><span class=\"pricing-feature__text\">Servicio 24 horas por rescates de personas.<\/span><\/div>\n<\/div><div class=\"pricing-feature pricing-feature-b0b554e item-included\">\n\t<div class=\"pricing-feature__inner\"><span class=\"item-bullet jet-elements-icon\"><i aria-hidden=\"true\" class=\"fas fa-check\"><\/i><\/span><span class=\"pricing-feature__text\">Reparaci\u00f3n del ascensor los 365 d\u00edas del a\u00f1o.<\/span><\/div>\n<\/div><div class=\"pricing-feature pricing-feature-7a092a1 item-included\">\n\t<div class=\"pricing-feature__inner\"><span class=\"item-bullet jet-elements-icon\"><i aria-hidden=\"true\" class=\"fas fa-check\"><\/i><\/span><span class=\"pricing-feature__text\">Seguro de responsabilidad civil.<\/span><\/div>\n<\/div><div class=\"pricing-feature pricing-feature-4c2c061 item-excluded\">\n\t<div class=\"pricing-feature__inner\"><span class=\"item-bullet jet-elements-icon\"><i aria-hidden=\"true\" class=\"fas fa-times\"><\/i><\/span><span class=\"pricing-feature__text\">Piezas a reparar<\/span><\/div>\n<\/div>\t<\/div>\n\t<\/div>\t\t<\/div>\n<\/div>\t\t\t\t<\/div>\n\t\t\t\t<\/div>\n\t\t\t\t\t<\/div>\n\t\t<\/div>\n\t\t\t\t<div class=\"elementor-column elementor-col-33 elementor-top-column elementor-element elementor-element-aa9f5fe\" data-id=\"aa9f5fe\" data-element_type=\"column\" data-e-type=\"column\">\n\t\t\t<div class=\"elementor-widget-wrap elementor-element-populated\">\n\t\t\t\t\t\t<div class=\"elementor-element elementor-element-eeb3b71 elementor-widget elementor-widget-jet-pricing-table\" data-id=\"eeb3b71\" data-element_type=\"widget\" data-e-type=\"widget\" data-settings=\"{&quot;motion_fx_motion_fx_scrolling&quot;:&quot;yes&quot;,&quot;motion_fx_translateY_effect&quot;:&quot;yes&quot;,&quot;motion_fx_translateY_speed&quot;:{&quot;unit&quot;:&quot;px&quot;,&quot;size&quot;:5,&quot;sizes&quot;:[]},&quot;motion_fx_translateY_affectedRange&quot;:{&quot;unit&quot;:&quot;%&quot;,&quot;size&quot;:&quot;&quot;,&quot;sizes&quot;:{&quot;start&quot;:0,&quot;end&quot;:50}},&quot;motion_fx_devices&quot;:[&quot;desktop&quot;,&quot;tablet&quot;]}\" data-widget_type=\"jet-pricing-table.default\">\n\t\t\t\t<div class=\"elementor-widget-container\">\n\t\t\t\t\t<div class=\"elementor-jet-pricing-table jet-elements\"><div class=\"pricing-table \">\n\t<div class=\"pricing-table__heading\">\n\t\t<h2 class=\"pricing-table__title\">Plus<\/h2>\t<h4 class=\"pricing-table__subtitle\">El mantenimiento de ascensores sin sorpresas.<\/h4><\/div>\t\t<div class=\"pricing-table__features\">\n<div class=\"pricing-table__fold-mask pricing-table-unfold-state\" ><div class=\"pricing-feature pricing-feature-f3e89d7 item-included\">\n\t<div class=\"pricing-feature__inner\"><span class=\"item-bullet jet-elements-icon\"><i aria-hidden=\"true\" class=\"fas fa-check\"><\/i><\/span><span class=\"pricing-feature__text\">Servicio 24 horas por rescates de personas.<\/span><\/div>\n<\/div><div class=\"pricing-feature pricing-feature-b0b554e item-included\">\n\t<div class=\"pricing-feature__inner\"><span class=\"item-bullet jet-elements-icon\"><i aria-hidden=\"true\" class=\"fas fa-check\"><\/i><\/span><span class=\"pricing-feature__text\">Reparaci\u00f3n del ascensor los 365 d\u00edas del a\u00f1o.<\/span><\/div>\n<\/div><div class=\"pricing-feature pricing-feature-7a092a1 item-included\">\n\t<div class=\"pricing-feature__inner\"><span class=\"item-bullet jet-elements-icon\"><i aria-hidden=\"true\" class=\"fas fa-check\"><\/i><\/span><span class=\"pricing-feature__text\">Seguro de responsabilidad civil.<\/span><\/div>\n<\/div><div class=\"pricing-feature pricing-feature-4c2c061 item-included\">\n\t<div class=\"pricing-feature__inner\"><span class=\"item-bullet jet-elements-icon\"><i aria-hidden=\"true\" class=\"fas fa-check\"><\/i><\/span><span class=\"pricing-feature__text\">Piezas a reparar<\/span><\/div>\n<\/div>\t<\/div>\n\t<\/div>\t\t<\/div>\n<\/div>\t\t\t\t<\/div>\n\t\t\t\t<\/div>\n\t\t\t\t\t<\/div>\n\t\t<\/div>\n\t\t\t\t\t<\/div>\n\t\t<\/section>\n\t\t\t\t<section class=\"elementor-section elementor-top-section elementor-element elementor-element-fbcb589 elementor-section-content-middle elementor-section-boxed elementor-section-height-default elementor-section-height-default\" data-id=\"fbcb589\" data-element_type=\"section\" data-e-type=\"section\" data-settings=\"{&quot;jet_parallax_layout_list&quot;:[],&quot;background_background&quot;:&quot;gradient&quot;}\">\n\t\t\t\t\t\t<div class=\"elementor-container elementor-column-gap-wide\">\n\t\t\t\t\t<div class=\"elementor-column elementor-col-50 elementor-top-column elementor-element elementor-element-7f24d74\" data-id=\"7f24d74\" data-element_type=\"column\" data-e-type=\"column\">\n\t\t\t<div class=\"elementor-widget-wrap elementor-element-populated\">\n\t\t\t\t\t\t<div class=\"elementor-element elementor-element-3a92e89 elementor-widget elementor-widget-heading\" data-id=\"3a92e89\" data-element_type=\"widget\" data-e-type=\"widget\" data-widget_type=\"heading.default\">\n\t\t\t\t<div class=\"elementor-widget-container\">\n\t\t\t\t\t<h2 class=\"elementor-heading-title elementor-size-default\">P\u00eddanos presupuesto a medida y sin compromiso<\/h2>\t\t\t\t<\/div>\n\t\t\t\t<\/div>\n\t\t\t\t<div class=\"elementor-element elementor-element-a1ab5a7 m0 elementor-widget elementor-widget-text-editor\" data-id=\"a1ab5a7\" data-element_type=\"widget\" data-e-type=\"widget\" data-widget_type=\"text-editor.default\">\n\t\t\t\t<div class=\"elementor-widget-container\">\n\t\t\t\t\t\t\t\t\t<p>\u00bfQuieres obtener un precio aproximado de mantenimiento de ascensores? Escr\u00edbenos e ind\u00edquenos cu\u00e1ntos ascensores y plantas dispone la vivienda, antig\u00fcedad aproximada y estado de \u00e9stos y la poblaci\u00f3n.<\/p><p><small>*Sin una visita f\u00edsica por uno de nuestros t\u00e9cnicos no podemos ofrecer un precio final cerrado.<\/small><\/p>\t\t\t\t\t\t\t\t<\/div>\n\t\t\t\t<\/div>\n\t\t\t\t\t<\/div>\n\t\t<\/div>\n\t\t\t\t<div class=\"elementor-column elementor-col-50 elementor-top-column elementor-element elementor-element-23b75b7\" data-id=\"23b75b7\" data-element_type=\"column\" data-e-type=\"column\">\n\t\t\t<div class=\"elementor-widget-wrap elementor-element-populated\">\n\t\t\t\t\t\t<div class=\"elementor-element elementor-element-895e35b elementor-widget elementor-widget-jet-button\" data-id=\"895e35b\" data-element_type=\"widget\" data-e-type=\"widget\" data-widget_type=\"jet-button.default\">\n\t\t\t\t<div class=\"elementor-widget-container\">\n\t\t\t\t\t<div class=\"elementor-jet-button jet-elements\"><div class=\"jet-button__container\">\n\t<a class=\"jet-button__instance jet-button__instance--icon-left hover-effect-9\" href=\"https:\/\/www.ascensorsbaro.com\/contacte\/\">\n\t\t<div class=\"jet-button__plane jet-button__plane-normal\"><\/div>\n\t\t<div class=\"jet-button__plane jet-button__plane-hover\"><\/div>\n\t\t<div class=\"jet-button__state jet-button__state-normal\">\n\t\t\t<span class=\"jet-button__icon jet-elements-icon\"><i aria-hidden=\"true\" class=\"fas fa-file-invoice\"><\/i><\/span><span class=\"jet-button__label\">\u00bfQuieres un presupuesto?<\/span>\t\t<\/div>\n\t\t<div class=\"jet-button__state jet-button__state-hover\">\n\t\t\t<span class=\"jet-button__icon jet-elements-icon\"><i aria-hidden=\"true\" class=\"fas fa-angle-double-up\"><\/i><\/span><span class=\"jet-button__label\">Cont\u00e1ctanos<\/span>\t\t<\/div>\n\t<\/a>\n<\/div>\n<\/div>\t\t\t\t<\/div>\n\t\t\t\t<\/div>\n\t\t\t\t\t<\/div>\n\t\t<\/div>\n\t\t\t\t\t<\/div>\n\t\t<\/section>\n\t\t\t\t<\/div>\n\t\t","protected":false},"excerpt":{"rendered":"<p>Mantenimiento de ascensores Mantenimiento de ascensores Los ascensores, como todos los aparatos mec\u00e1nicos, sufren un desgaste por su uso habitual. El paso del tiempo puede provocar que ciertos elementos del ascensor que est\u00e1n en buenas condiciones, se aver\u00eden por culpa de un elemento o pieza desgastada. El mantenimiento peri\u00f3dico es obligatorio para cualquier ascensor y [&hellip;]<\/p>\n","protected":false},"author":1,"featured_media":551,"parent":1499,"menu_order":0,"comment_status":"closed","ping_status":"closed","template":"elementor_header_footer","meta":{"inline_featured_image":false,"footnotes":""},"class_list":["post-1497","page","type-page","status-publish","has-post-thumbnail","hentry"],"_links":{"self":[{"href":"https:\/\/www.ascensorsbaro.com\/es\/wp-json\/wp\/v2\/pages\/1497","targetHints":{"allow":["GET"]}}],"collection":[{"href":"https:\/\/www.ascensorsbaro.com\/es\/wp-json\/wp\/v2\/pages"}],"about":[{"href":"https:\/\/www.ascensorsbaro.com\/es\/wp-json\/wp\/v2\/types\/page"}],"author":[{"embeddable":true,"href":"https:\/\/www.ascensorsbaro.com\/es\/wp-json\/wp\/v2\/users\/1"}],"replies":[{"embeddable":true,"href":"https:\/\/www.ascensorsbaro.com\/es\/wp-json\/wp\/v2\/comments?post=1497"}],"version-history":[{"count":21,"href":"https:\/\/www.ascensorsbaro.com\/es\/wp-json\/wp\/v2\/pages\/1497\/revisions"}],"predecessor-version":[{"id":1846,"href":"https:\/\/www.ascensorsbaro.com\/es\/wp-json\/wp\/v2\/pages\/1497\/revisions\/1846"}],"up":[{"embeddable":true,"href":"https:\/\/www.ascensorsbaro.com\/es\/wp-json\/wp\/v2\/pages\/1499"}],"wp:featuredmedia":[{"embeddable":true,"href":"https:\/\/www.ascensorsbaro.com\/es\/wp-json\/wp\/v2\/media\/551"}],"wp:attachment":[{"href":"https:\/\/www.ascensorsbaro.com\/es\/wp-json\/wp\/v2\/media?parent=1497"}],"curies":[{"name":"wp","href":"https:\/\/api.w.org\/{rel}","templated":true}]}}