{"id":1496,"date":"2022-04-27T13:40:03","date_gmt":"2022-04-27T11:40:03","guid":{"rendered":"https:\/\/www.ascensorsbaro.com\/subvencions-installacio-dascensors\/"},"modified":"2025-08-04T10:40:23","modified_gmt":"2025-08-04T08:40:23","slug":"subvenciones-instalacion-de-ascensores","status":"publish","type":"page","link":"https:\/\/www.ascensorsbaro.com\/es\/servicios\/subvenciones-instalacion-de-ascensores\/","title":{"rendered":"Subvenciones instalaci\u00f3n de ascensores"},"content":{"rendered":"\t\t<div data-elementor-type=\"wp-page\" data-elementor-id=\"1496\" class=\"elementor elementor-1496 elementor-620\" data-elementor-post-type=\"page\">\n\t\t\t\t\t\t<section class=\"elementor-section elementor-top-section elementor-element elementor-element-8150f98 elementor-section-height-min-height elementor-section-boxed elementor-section-height-default elementor-section-items-middle\" data-id=\"8150f98\" data-element_type=\"section\" data-e-type=\"section\" data-settings=\"{&quot;jet_parallax_layout_list&quot;:[],&quot;background_background&quot;:&quot;classic&quot;}\">\n\t\t\t\t\t\t\t<div class=\"elementor-background-overlay\"><\/div>\n\t\t\t\t\t\t\t<div class=\"elementor-container elementor-column-gap-default\">\n\t\t\t\t\t<div class=\"elementor-column elementor-col-100 elementor-top-column elementor-element elementor-element-0401137\" data-id=\"0401137\" data-element_type=\"column\" data-e-type=\"column\">\n\t\t\t<div class=\"elementor-widget-wrap elementor-element-populated\">\n\t\t\t\t\t\t<div class=\"elementor-element elementor-element-0d2a5e0 elementor-widget elementor-widget-heading\" data-id=\"0d2a5e0\" data-element_type=\"widget\" data-e-type=\"widget\" data-widget_type=\"heading.default\">\n\t\t\t\t<div class=\"elementor-widget-container\">\n\t\t\t\t\t<h1 class=\"elementor-heading-title elementor-size-default\">Subvenci\u00f3n de instalaci\u00f3n de ascensores<\/h1>\t\t\t\t<\/div>\n\t\t\t\t<\/div>\n\t\t\t\t\t<\/div>\n\t\t<\/div>\n\t\t\t\t\t<\/div>\n\t\t<\/section>\n\t\t\t\t<section class=\"elementor-section elementor-top-section elementor-element elementor-element-1926dc7 elementor-section-boxed elementor-section-height-default elementor-section-height-default\" data-id=\"1926dc7\" data-element_type=\"section\" data-e-type=\"section\" data-settings=\"{&quot;jet_parallax_layout_list&quot;:[],&quot;background_background&quot;:&quot;classic&quot;}\">\n\t\t\t\t\t\t<div class=\"elementor-container elementor-column-gap-default\">\n\t\t\t\t\t<div class=\"elementor-column elementor-col-100 elementor-top-column elementor-element elementor-element-837224a\" data-id=\"837224a\" data-element_type=\"column\" data-e-type=\"column\">\n\t\t\t<div class=\"elementor-widget-wrap elementor-element-populated\">\n\t\t\t\t\t\t<div class=\"elementor-element elementor-element-26fe1ed elementor-widget elementor-widget-template\" data-id=\"26fe1ed\" data-element_type=\"widget\" data-e-type=\"widget\" data-widget_type=\"template.default\">\n\t\t\t\t<div class=\"elementor-widget-container\">\n\t\t\t\t\t\t\t<div class=\"elementor-template\">\n\t\t\t\t\t<div data-elementor-type=\"section\" data-elementor-id=\"1486\" class=\"elementor elementor-1486 elementor-479 elementor-479\" data-elementor-post-type=\"elementor_library\">\n\t\t\t\t\t<section class=\"elementor-section elementor-top-section elementor-element elementor-element-65bcf358 elementor-section-boxed elementor-section-height-default elementor-section-height-default\" data-id=\"65bcf358\" data-element_type=\"section\" data-e-type=\"section\" data-settings=\"{&quot;jet_parallax_layout_list&quot;:[],&quot;background_background&quot;:&quot;classic&quot;}\">\n\t\t\t\t\t\t<div class=\"elementor-container elementor-column-gap-default\">\n\t\t\t\t\t<div class=\"elementor-column elementor-col-100 elementor-top-column elementor-element elementor-element-2f57a037\" data-id=\"2f57a037\" data-element_type=\"column\" data-e-type=\"column\">\n\t\t\t<div class=\"elementor-widget-wrap elementor-element-populated\">\n\t\t\t\t\t\t<div class=\"elementor-element elementor-element-35a1cb69 elementor-widget elementor-widget-jet-breadcrumbs\" data-id=\"35a1cb69\" data-element_type=\"widget\" data-e-type=\"widget\" data-widget_type=\"jet-breadcrumbs.default\">\n\t\t\t\t<div class=\"elementor-widget-container\">\n\t\t\t\t\t<div class=\"elementor-jet-breadcrumbs jet-blocks\">\n\t\t<div class=\"jet-breadcrumbs\">\n\t\t<div class=\"jet-breadcrumbs__content\">\n\t\t<div class=\"jet-breadcrumbs__wrap\"><div class=\"jet-breadcrumbs__item\"><a href=\"https:\/\/www.ascensorsbaro.com\/es\/\" class=\"jet-breadcrumbs__item-link is-home\" rel=\"home\" title=\"Inicio\">Inicio<\/a><\/div>\n\t\t<\/div>\n\t\t<\/div>\n\t\t<\/div><\/div>\t\t\t\t<\/div>\n\t\t\t\t<\/div>\n\t\t\t\t\t<\/div>\n\t\t<\/div>\n\t\t\t\t\t<\/div>\n\t\t<\/section>\n\t\t\t\t<\/div>\n\t\t\t\t<\/div>\n\t\t\t\t\t\t<\/div>\n\t\t\t\t<\/div>\n\t\t\t\t\t<\/div>\n\t\t<\/div>\n\t\t\t\t\t<\/div>\n\t\t<\/section>\n\t\t\t\t<section class=\"elementor-section elementor-top-section elementor-element elementor-element-919c6e6 bredaxocult elementor-section-boxed elementor-section-height-default elementor-section-height-default\" data-id=\"919c6e6\" data-element_type=\"section\" data-e-type=\"section\" data-settings=\"{&quot;jet_parallax_layout_list&quot;:[]}\">\n\t\t\t\t\t\t<div class=\"elementor-container elementor-column-gap-wide\">\n\t\t\t\t\t<div class=\"elementor-column elementor-col-100 elementor-top-column elementor-element elementor-element-272f09a\" data-id=\"272f09a\" data-element_type=\"column\" data-e-type=\"column\">\n\t\t\t<div class=\"elementor-widget-wrap elementor-element-populated\">\n\t\t\t\t\t\t<div class=\"elementor-element elementor-element-e1f7712 elementor-widget elementor-widget-html\" data-id=\"e1f7712\" data-element_type=\"widget\" data-e-type=\"widget\" data-widget_type=\"html.default\">\n\t\t\t\t<div class=\"elementor-widget-container\">\n\t\t\t\t\t<div class=\"bredax\"><\/div>\t\t\t\t<\/div>\n\t\t\t\t<\/div>\n\t\t\t\t\t<\/div>\n\t\t<\/div>\n\t\t\t\t\t<\/div>\n\t\t<\/section>\n\t\t\t\t<section class=\"elementor-section elementor-top-section elementor-element elementor-element-56bf230 elementor-section-boxed elementor-section-height-default elementor-section-height-default\" data-id=\"56bf230\" data-element_type=\"section\" data-e-type=\"section\" data-settings=\"{&quot;jet_parallax_layout_list&quot;:[]}\">\n\t\t\t\t\t\t<div class=\"elementor-container elementor-column-gap-wide\">\n\t\t\t\t\t<div class=\"elementor-column elementor-col-50 elementor-top-column elementor-element elementor-element-18b2f83\" data-id=\"18b2f83\" data-element_type=\"column\" data-e-type=\"column\">\n\t\t\t<div class=\"elementor-widget-wrap elementor-element-populated\">\n\t\t\t\t\t\t<div class=\"elementor-element elementor-element-3bdc00e elementor-widget elementor-widget-text-editor\" data-id=\"3bdc00e\" data-element_type=\"widget\" data-e-type=\"widget\" data-widget_type=\"text-editor.default\">\n\t\t\t\t<div class=\"elementor-widget-container\">\n\t\t\t\t\t\t\t\t\t<h2>Asesoramiento por la obtenci\u00f3n de las subvenciones<\/h2><p>En Ascensores Bar\u00f3 sabemos que realizar una instalaci\u00f3n de ascensor es un gasto importante, m\u00e1s en los casos que no se hab\u00eda contemplado, y que por las circunstancias que sean se hace necesario su instalaci\u00f3n.<\/p><p>Por este motivo ofrecemos el servicio de gestionar y\/o asesorar para obtener las subvenciones que existen.<\/p><p>Normalmente existen dos subvenciones:<\/p><ul><li>Subvenciones a trav\u00e9s de su Ayuntamiento.<\/li><li>Subvenciones a trav\u00e9s de la Generalidad de Catalu\u00f1a<\/li><\/ul><p>Los tr\u00e1mites burocr\u00e1ticos suelen ser pesados y lentos al realizar, en parte debido a la gran cantidad de papeles entre otros factores como el horario reducido de la administraci\u00f3n p\u00fablica.<\/p>\t\t\t\t\t\t\t\t<\/div>\n\t\t\t\t<\/div>\n\t\t\t\t\t<\/div>\n\t\t<\/div>\n\t\t\t\t<div class=\"elementor-column elementor-col-50 elementor-top-column elementor-element elementor-element-0e590d0\" data-id=\"0e590d0\" data-element_type=\"column\" data-e-type=\"column\">\n\t\t\t<div class=\"elementor-widget-wrap elementor-element-populated\">\n\t\t\t\t\t\t<div class=\"elementor-element elementor-element-19a42c3 elementor-widget elementor-widget-image\" data-id=\"19a42c3\" data-element_type=\"widget\" data-e-type=\"widget\" data-widget_type=\"image.default\">\n\t\t\t\t<div class=\"elementor-widget-container\">\n\t\t\t\t\t\t\t\t\t\t\t\t\t\t\t<img fetchpriority=\"high\" decoding=\"async\" width=\"800\" height=\"534\" src=\"https:\/\/www.ascensorsbaro.com\/wp-content\/uploads\/2022\/04\/subvenciones-1024x683.jpeg\" class=\"attachment-large size-large wp-image-635\" alt=\"\" srcset=\"https:\/\/www.ascensorsbaro.com\/wp-content\/uploads\/2022\/04\/subvenciones-1024x683.jpeg 1024w, https:\/\/www.ascensorsbaro.com\/wp-content\/uploads\/2022\/04\/subvenciones-300x200.jpeg 300w, https:\/\/www.ascensorsbaro.com\/wp-content\/uploads\/2022\/04\/subvenciones-768x512.jpeg 768w, https:\/\/www.ascensorsbaro.com\/wp-content\/uploads\/2022\/04\/subvenciones.jpeg 1500w\" sizes=\"(max-width: 800px) 100vw, 800px\" \/>\t\t\t\t\t\t\t\t\t\t\t\t\t\t\t<\/div>\n\t\t\t\t<\/div>\n\t\t\t\t\t<\/div>\n\t\t<\/div>\n\t\t\t\t\t<\/div>\n\t\t<\/section>\n\t\t\t\t<section class=\"elementor-section elementor-top-section elementor-element elementor-element-d6f7b45 elementor-section-content-middle elementor-section-full_width elementor-section-height-default elementor-section-height-default\" data-id=\"d6f7b45\" data-element_type=\"section\" data-e-type=\"section\" data-settings=\"{&quot;jet_parallax_layout_list&quot;:[],&quot;background_background&quot;:&quot;gradient&quot;}\">\n\t\t\t\t\t\t<div class=\"elementor-container elementor-column-gap-wide\">\n\t\t\t\t\t<div class=\"elementor-column elementor-col-100 elementor-top-column elementor-element elementor-element-6a5fca6\" data-id=\"6a5fca6\" data-element_type=\"column\" data-e-type=\"column\">\n\t\t\t<div class=\"elementor-widget-wrap elementor-element-populated\">\n\t\t\t\t\t\t<div class=\"elementor-element elementor-element-8455a31 elementor-widget elementor-widget-template\" data-id=\"8455a31\" data-element_type=\"widget\" data-e-type=\"widget\" data-widget_type=\"template.default\">\n\t\t\t\t<div class=\"elementor-widget-container\">\n\t\t\t\t\t\t\t<div class=\"elementor-template\">\n\t\t\t\t\t<div data-elementor-type=\"page\" data-elementor-id=\"1485\" class=\"elementor elementor-1485 elementor-991 elementor-991\" data-elementor-post-type=\"elementor_library\">\n\t\t\t\t\t\t<section class=\"elementor-section elementor-top-section elementor-element elementor-element-a9134f0 elementor-section-content-middle elementor-section-boxed elementor-section-height-default elementor-section-height-default\" data-id=\"a9134f0\" data-element_type=\"section\" data-e-type=\"section\" data-settings=\"{&quot;jet_parallax_layout_list&quot;:[],&quot;background_background&quot;:&quot;gradient&quot;}\">\n\t\t\t\t\t\t<div class=\"elementor-container elementor-column-gap-wide\">\n\t\t\t\t\t<div class=\"elementor-column elementor-col-50 elementor-top-column elementor-element elementor-element-43cf549\" data-id=\"43cf549\" data-element_type=\"column\" data-e-type=\"column\">\n\t\t\t<div class=\"elementor-widget-wrap elementor-element-populated\">\n\t\t\t\t\t\t<div class=\"elementor-element elementor-element-fb489ab elementor-widget elementor-widget-heading\" data-id=\"fb489ab\" data-element_type=\"widget\" data-e-type=\"widget\" data-widget_type=\"heading.default\">\n\t\t\t\t<div class=\"elementor-widget-container\">\n\t\t\t\t\t<h2 class=\"elementor-heading-title elementor-size-default\">\u00bfNecesitas ayuda?<\/h2>\t\t\t\t<\/div>\n\t\t\t\t<\/div>\n\t\t\t\t<div class=\"elementor-element elementor-element-6c592aa m0 elementor-widget elementor-widget-text-editor\" data-id=\"6c592aa\" data-element_type=\"widget\" data-e-type=\"widget\" data-widget_type=\"text-editor.default\">\n\t\t\t\t<div class=\"elementor-widget-container\">\n\t\t\t\t\t\t\t\t\t<p>Si est\u00e1s pensando en instalar un ascensor y tienes dudas o preguntas, cont\u00e1ctanos para atenderte de forma personalizada.<\/p>\t\t\t\t\t\t\t\t<\/div>\n\t\t\t\t<\/div>\n\t\t\t\t\t<\/div>\n\t\t<\/div>\n\t\t\t\t<div class=\"elementor-column elementor-col-50 elementor-top-column elementor-element elementor-element-55e0d56\" data-id=\"55e0d56\" data-element_type=\"column\" data-e-type=\"column\">\n\t\t\t<div class=\"elementor-widget-wrap elementor-element-populated\">\n\t\t\t\t\t\t<div class=\"elementor-element elementor-element-010a51a elementor-widget elementor-widget-jet-button\" data-id=\"010a51a\" data-element_type=\"widget\" data-e-type=\"widget\" data-widget_type=\"jet-button.default\">\n\t\t\t\t<div class=\"elementor-widget-container\">\n\t\t\t\t\t<div class=\"elementor-jet-button jet-elements\"><div class=\"jet-button__container\">\n\t<a class=\"jet-button__instance jet-button__instance--icon-left hover-effect-6\" href=\"https:\/\/www.ascensorsbaro.com\/es\/contacto\/\">\n\t\t<div class=\"jet-button__plane jet-button__plane-normal\"><\/div>\n\t\t<div class=\"jet-button__plane jet-button__plane-hover\"><\/div>\n\t\t<div class=\"jet-button__state jet-button__state-normal\">\n\t\t\t<span class=\"jet-button__icon jet-elements-icon\"><i aria-hidden=\"true\" class=\"far fa-envelope\"><\/i><\/span><span class=\"jet-button__label\">Cont\u00e1ctanos<\/span>\t\t<\/div>\n\t\t<div class=\"jet-button__state jet-button__state-hover\">\n\t\t\t<span class=\"jet-button__icon jet-elements-icon\"><i aria-hidden=\"true\" class=\"fas fa-pencil-alt\"><\/i><\/span><span class=\"jet-button__label\">Contacta'ns<\/span>\t\t<\/div>\n\t<\/a>\n<\/div>\n<\/div>\t\t\t\t<\/div>\n\t\t\t\t<\/div>\n\t\t\t\t\t<\/div>\n\t\t<\/div>\n\t\t\t\t\t<\/div>\n\t\t<\/section>\n\t\t\t\t<\/div>\n\t\t\t\t<\/div>\n\t\t\t\t\t\t<\/div>\n\t\t\t\t<\/div>\n\t\t\t\t\t<\/div>\n\t\t<\/div>\n\t\t\t\t\t<\/div>\n\t\t<\/section>\n\t\t\t\t<section class=\"elementor-section elementor-top-section elementor-element elementor-element-fc44866 elementor-section-boxed elementor-section-height-default elementor-section-height-default\" data-id=\"fc44866\" data-element_type=\"section\" data-e-type=\"section\" data-settings=\"{&quot;jet_parallax_layout_list&quot;:[]}\">\n\t\t\t\t\t\t<div class=\"elementor-container elementor-column-gap-wide\">\n\t\t\t\t\t<div class=\"elementor-column elementor-col-50 elementor-top-column elementor-element elementor-element-0872789\" data-id=\"0872789\" data-element_type=\"column\" data-e-type=\"column\">\n\t\t\t<div class=\"elementor-widget-wrap elementor-element-populated\">\n\t\t\t\t\t\t<section class=\"elementor-section elementor-inner-section elementor-element elementor-element-bad7a01 elementor-section-boxed elementor-section-height-default elementor-section-height-default\" data-id=\"bad7a01\" data-element_type=\"section\" data-e-type=\"section\" data-settings=\"{&quot;jet_parallax_layout_list&quot;:[],&quot;background_background&quot;:&quot;classic&quot;}\">\n\t\t\t\t\t\t<div class=\"elementor-container elementor-column-gap-default\">\n\t\t\t\t\t<div class=\"elementor-column elementor-col-100 elementor-inner-column elementor-element elementor-element-350cea6\" data-id=\"350cea6\" data-element_type=\"column\" data-e-type=\"column\">\n\t\t\t<div class=\"elementor-widget-wrap elementor-element-populated\">\n\t\t\t\t\t\t<div class=\"elementor-element elementor-element-e3f257c elementor-widget elementor-widget-image\" data-id=\"e3f257c\" data-element_type=\"widget\" data-e-type=\"widget\" data-widget_type=\"image.default\">\n\t\t\t\t<div class=\"elementor-widget-container\">\n\t\t\t\t\t\t\t\t\t\t\t\t\t\t\t<img decoding=\"async\" width=\"800\" height=\"528\" src=\"https:\/\/www.ascensorsbaro.com\/wp-content\/uploads\/2022\/04\/barcelona.jpeg\" class=\"attachment-large size-large wp-image-638\" alt=\"\" srcset=\"https:\/\/www.ascensorsbaro.com\/wp-content\/uploads\/2022\/04\/barcelona.jpeg 800w, https:\/\/www.ascensorsbaro.com\/wp-content\/uploads\/2022\/04\/barcelona-300x198.jpeg 300w, https:\/\/www.ascensorsbaro.com\/wp-content\/uploads\/2022\/04\/barcelona-768x507.jpeg 768w\" sizes=\"(max-width: 800px) 100vw, 800px\" \/>\t\t\t\t\t\t\t\t\t\t\t\t\t\t\t<\/div>\n\t\t\t\t<\/div>\n\t\t\t\t<div class=\"elementor-element elementor-element-507c7db elementor-widget elementor-widget-text-editor\" data-id=\"507c7db\" data-element_type=\"widget\" data-e-type=\"widget\" data-widget_type=\"text-editor.default\">\n\t\t\t\t<div class=\"elementor-widget-container\">\n\t\t\t\t\t\t\t\t\t<h3>Ayuntamiento de Barcelona<\/h3><div class=\"mpc-icon-column__description mpc-typography--default\"><p>En Ascensores Bar\u00f3 llevamos a cabo la gesti\u00f3n de los papeles, agilizando los pasos y as\u00ed usted no tiene que sufrir por tener que desplazarse varias veces a su ayuntamiento o incluso faltar al trabajo.<\/p><\/div>\t\t\t\t\t\t\t\t<\/div>\n\t\t\t\t<\/div>\n\t\t\t\t\t<\/div>\n\t\t<\/div>\n\t\t\t\t\t<\/div>\n\t\t<\/section>\n\t\t\t\t\t<\/div>\n\t\t<\/div>\n\t\t\t\t<div class=\"elementor-column elementor-col-50 elementor-top-column elementor-element elementor-element-091529c\" data-id=\"091529c\" data-element_type=\"column\" data-e-type=\"column\">\n\t\t\t<div class=\"elementor-widget-wrap elementor-element-populated\">\n\t\t\t\t\t\t<section class=\"elementor-section elementor-inner-section elementor-element elementor-element-cd44273 elementor-section-boxed elementor-section-height-default elementor-section-height-default\" data-id=\"cd44273\" data-element_type=\"section\" data-e-type=\"section\" data-settings=\"{&quot;jet_parallax_layout_list&quot;:[],&quot;background_background&quot;:&quot;classic&quot;}\">\n\t\t\t\t\t\t<div class=\"elementor-container elementor-column-gap-default\">\n\t\t\t\t\t<div class=\"elementor-column elementor-col-100 elementor-inner-column elementor-element elementor-element-5f5e0f6\" data-id=\"5f5e0f6\" data-element_type=\"column\" data-e-type=\"column\">\n\t\t\t<div class=\"elementor-widget-wrap elementor-element-populated\">\n\t\t\t\t\t\t<div class=\"elementor-element elementor-element-32dd76a elementor-widget elementor-widget-image\" data-id=\"32dd76a\" data-element_type=\"widget\" data-e-type=\"widget\" data-widget_type=\"image.default\">\n\t\t\t\t<div class=\"elementor-widget-container\">\n\t\t\t\t\t\t\t\t\t\t\t\t\t\t\t<img decoding=\"async\" width=\"800\" height=\"534\" src=\"https:\/\/www.ascensorsbaro.com\/wp-content\/uploads\/2022\/04\/tramit-subvencions-1024x683.jpeg\" class=\"attachment-large size-large wp-image-631\" alt=\"\" srcset=\"https:\/\/www.ascensorsbaro.com\/wp-content\/uploads\/2022\/04\/tramit-subvencions-1024x683.jpeg 1024w, https:\/\/www.ascensorsbaro.com\/wp-content\/uploads\/2022\/04\/tramit-subvencions-300x200.jpeg 300w, https:\/\/www.ascensorsbaro.com\/wp-content\/uploads\/2022\/04\/tramit-subvencions-768x512.jpeg 768w, https:\/\/www.ascensorsbaro.com\/wp-content\/uploads\/2022\/04\/tramit-subvencions.jpeg 1500w\" sizes=\"(max-width: 800px) 100vw, 800px\" \/>\t\t\t\t\t\t\t\t\t\t\t\t\t\t\t<\/div>\n\t\t\t\t<\/div>\n\t\t\t\t<div class=\"elementor-element elementor-element-a730b75 elementor-widget elementor-widget-text-editor\" data-id=\"a730b75\" data-element_type=\"widget\" data-e-type=\"widget\" data-widget_type=\"text-editor.default\">\n\t\t\t\t<div class=\"elementor-widget-container\">\n\t\t\t\t\t\t\t\t\t<h3>Generalidad de Catalu\u00f1a<\/h3><div><p>\u00c9stas no pueden ser gestionadas desde Ascensores Bar\u00f3, pero podemos orientarlo para que se agilice su concesi\u00f3n y as\u00ed sea lo m\u00e1s r\u00e1pida y c\u00f3moda posible, adem\u00e1s, la presentaci\u00f3n telem\u00e1tica facilita mucho el trabajo.<\/p><\/div>\t\t\t\t\t\t\t\t<\/div>\n\t\t\t\t<\/div>\n\t\t\t\t\t<\/div>\n\t\t<\/div>\n\t\t\t\t\t<\/div>\n\t\t<\/section>\n\t\t\t\t\t<\/div>\n\t\t<\/div>\n\t\t\t\t\t<\/div>\n\t\t<\/section>\n\t\t\t\t<\/div>\n\t\t","protected":false},"excerpt":{"rendered":"<p>Subvenci\u00f3n de instalaci\u00f3n de ascensores Asesoramiento por la obtenci\u00f3n de las subvenciones En Ascensores Bar\u00f3 sabemos que realizar una instalaci\u00f3n de ascensor es un gasto importante, m\u00e1s en los casos que no se hab\u00eda contemplado, y que por las circunstancias que sean se hace necesario su instalaci\u00f3n. Por este motivo ofrecemos el servicio de gestionar [&hellip;]<\/p>\n","protected":false},"author":1,"featured_media":633,"parent":1499,"menu_order":0,"comment_status":"closed","ping_status":"closed","template":"elementor_header_footer","meta":{"inline_featured_image":false,"footnotes":""},"class_list":["post-1496","page","type-page","status-publish","has-post-thumbnail","hentry"],"_links":{"self":[{"href":"https:\/\/www.ascensorsbaro.com\/es\/wp-json\/wp\/v2\/pages\/1496","targetHints":{"allow":["GET"]}}],"collection":[{"href":"https:\/\/www.ascensorsbaro.com\/es\/wp-json\/wp\/v2\/pages"}],"about":[{"href":"https:\/\/www.ascensorsbaro.com\/es\/wp-json\/wp\/v2\/types\/page"}],"author":[{"embeddable":true,"href":"https:\/\/www.ascensorsbaro.com\/es\/wp-json\/wp\/v2\/users\/1"}],"replies":[{"embeddable":true,"href":"https:\/\/www.ascensorsbaro.com\/es\/wp-json\/wp\/v2\/comments?post=1496"}],"version-history":[{"count":10,"href":"https:\/\/www.ascensorsbaro.com\/es\/wp-json\/wp\/v2\/pages\/1496\/revisions"}],"predecessor-version":[{"id":1848,"href":"https:\/\/www.ascensorsbaro.com\/es\/wp-json\/wp\/v2\/pages\/1496\/revisions\/1848"}],"up":[{"embeddable":true,"href":"https:\/\/www.ascensorsbaro.com\/es\/wp-json\/wp\/v2\/pages\/1499"}],"wp:featuredmedia":[{"embeddable":true,"href":"https:\/\/www.ascensorsbaro.com\/es\/wp-json\/wp\/v2\/media\/633"}],"wp:attachment":[{"href":"https:\/\/www.ascensorsbaro.com\/es\/wp-json\/wp\/v2\/media?parent=1496"}],"curies":[{"name":"wp","href":"https:\/\/api.w.org\/{rel}","templated":true}]}}